{"id":98,"date":"2026-02-17T12:58:37","date_gmt":"2026-02-17T12:58:37","guid":{"rendered":"https:\/\/skinlys-studio.com\/?post_type=product&#038;p=98"},"modified":"2026-02-17T13:31:36","modified_gmt":"2026-02-17T13:31:36","slug":"gua-sha-jade-de-chine","status":"publish","type":"product","link":"http:\/\/www.skinlys-studio.com\/index.php\/produit\/gua-sha-jade-de-chine\/","title":{"rendered":"Gua Sha Jade de Chine"},"content":{"rendered":"<p>Outil de massage facial en pierre naturelle pour stimuler la circulation et raffermir la peau.<\/p>\n<p data-start=\"1028\" data-end=\"1143\">Utilis\u00e9 depuis des si\u00e8cles en m\u00e9decine traditionnelle chinoise, le jade est reconnu pour ses propri\u00e9t\u00e9s drainantes.<\/p>\n<p data-start=\"1145\" data-end=\"1281\">\u2022 Stimule la circulation lymphatique<br data-start=\"1181\" data-end=\"1184\" \/>\u2022 Aide \u00e0 r\u00e9duire les poches<br data-start=\"1211\" data-end=\"1214\" \/>\u2022 Raffermit visiblement la peau<br data-start=\"1245\" data-end=\"1248\" \/>\u2022 Apporte fra\u00eecheur et tonicit\u00e9<\/p>\n<p data-start=\"1283\" data-end=\"1340\">Id\u00e9al pour les routines anti-\u00e2ge et les visages fatigu\u00e9s.<\/p>\n","protected":false},"excerpt":{"rendered":"<p>Outil de massage facial en pierre naturelle pour stimuler la circulation et raffermir la peau.<\/p>\n","protected":false},"featured_media":99,"comment_status":"open","ping_status":"closed","template":"","meta":{"site-sidebar-layout":"default","site-content-layout":"","ast-site-content-layout":"default","site-content-style":"default","site-sidebar-style":"default","ast-global-header-display":"","ast-banner-title-visibility":"","ast-main-header-display":"","ast-hfb-above-header-display":"","ast-hfb-below-header-display":"","ast-hfb-mobile-header-display":"","site-post-title":"","ast-breadcrumbs-content":"","ast-featured-img":"","footer-sml-layout":"","ast-disable-related-posts":"","theme-transparent-header-meta":"default","adv-header-id-meta":"","stick-header-meta":"","header-above-stick-meta":"","header-main-stick-meta":"","header-below-stick-meta":"","astra-migrate-meta-layouts":"set","ast-page-background-enabled":"default","ast-page-background-meta":{"desktop":{"background-color":"var(--ast-global-color-5)","background-image":"","background-repeat":"repeat","background-position":"center center","background-size":"auto","background-attachment":"scroll","background-type":"","background-media":"","overlay-type":"","overlay-color":"","overlay-opacity":"","overlay-gradient":""},"tablet":{"background-color":"","background-image":"","background-repeat":"repeat","background-position":"center center","background-size":"auto","background-attachment":"scroll","background-type":"","background-media":"","overlay-type":"","overlay-color":"","overlay-opacity":"","overlay-gradient":""},"mobile":{"background-color":"","background-image":"","background-repeat":"repeat","background-position":"center center","background-size":"auto","background-attachment":"scroll","background-type":"","background-media":"","overlay-type":"","overlay-color":"","overlay-opacity":"","overlay-gradient":""}},"ast-content-background-meta":{"desktop":{"background-color":"var(--ast-global-color-4)","background-image":"","background-repeat":"repeat","background-position":"center center","background-size":"auto","background-attachment":"scroll","background-type":"","background-media":"","overlay-type":"","overlay-color":"","overlay-opacity":"","overlay-gradient":""},"tablet":{"background-color":"var(--ast-global-color-4)","background-image":"","background-repeat":"repeat","background-position":"center center","background-size":"auto","background-attachment":"scroll","background-type":"","background-media":"","overlay-type":"","overlay-color":"","overlay-opacity":"","overlay-gradient":""},"mobile":{"background-color":"var(--ast-global-color-4)","background-image":"","background-repeat":"repeat","background-position":"center center","background-size":"auto","background-attachment":"scroll","background-type":"","background-media":"","overlay-type":"","overlay-color":"","overlay-opacity":"","overlay-gradient":""}}},"product_brand":[],"product_cat":[19],"product_tag":[21,22,23,20],"class_list":{"0":"post-98","1":"product","2":"type-product","3":"status-publish","4":"has-post-thumbnail","6":"product_cat-outils-de-massage","7":"product_tag-guasha","8":"product_tag-jade","9":"product_tag-massage","10":"product_tag-verte","11":"desktop-align-left","12":"tablet-align-left","13":"mobile-align-left","15":"first","16":"instock","17":"shipping-taxable","18":"purchasable","19":"product-type-simple"},"jetpack_sharing_enabled":true,"_links":{"self":[{"href":"http:\/\/www.skinlys-studio.com\/index.php\/wp-json\/wp\/v2\/product\/98","targetHints":{"allow":["GET"]}}],"collection":[{"href":"http:\/\/www.skinlys-studio.com\/index.php\/wp-json\/wp\/v2\/product"}],"about":[{"href":"http:\/\/www.skinlys-studio.com\/index.php\/wp-json\/wp\/v2\/types\/product"}],"replies":[{"embeddable":true,"href":"http:\/\/www.skinlys-studio.com\/index.php\/wp-json\/wp\/v2\/comments?post=98"}],"wp:featuredmedia":[{"embeddable":true,"href":"http:\/\/www.skinlys-studio.com\/index.php\/wp-json\/wp\/v2\/media\/99"}],"wp:attachment":[{"href":"http:\/\/www.skinlys-studio.com\/index.php\/wp-json\/wp\/v2\/media?parent=98"}],"wp:term":[{"taxonomy":"product_brand","embeddable":true,"href":"http:\/\/www.skinlys-studio.com\/index.php\/wp-json\/wp\/v2\/product_brand?post=98"},{"taxonomy":"product_cat","embeddable":true,"href":"http:\/\/www.skinlys-studio.com\/index.php\/wp-json\/wp\/v2\/product_cat?post=98"},{"taxonomy":"product_tag","embeddable":true,"href":"http:\/\/www.skinlys-studio.com\/index.php\/wp-json\/wp\/v2\/product_tag?post=98"}],"curies":[{"name":"wp","href":"https:\/\/api.w.org\/{rel}","templated":true}]}}