{"id":118,"date":"2026-02-17T17:23:03","date_gmt":"2026-02-17T17:23:03","guid":{"rendered":"https:\/\/www.skinlys-studio.com\/?post_type=product&#038;p=118"},"modified":"2026-02-17T17:40:35","modified_gmt":"2026-02-17T17:40:35","slug":"routine-100-personnalisees","status":"publish","type":"product","link":"http:\/\/www.skinlys-studio.com\/index.php\/produit\/routine-100-personnalisees\/","title":{"rendered":"Routine 100% personnalis\u00e9es"},"content":{"rendered":"<p data-start=\"279\" data-end=\"355\">Votre peau ne m\u00e9rite pas une routine g\u00e9n\u00e9rique.<br data-start=\"326\" data-end=\"329\" \/>Elle m\u00e9rite une strat\u00e9gie.<\/p>\n<p data-start=\"357\" data-end=\"549\">Chez Skinlys, je ne propose pas des conseils standards trouv\u00e9s en ligne.<br data-start=\"429\" data-end=\"432\" \/>Je vous propose une <strong data-start=\"452\" data-end=\"498\">analyse compl\u00e8te, experte et personnalis\u00e9e<\/strong> de votre peau, construite selon vos besoins r\u00e9els.<\/p>\n<hr data-start=\"551\" data-end=\"554\" \/>\n<h2 data-start=\"556\" data-end=\"604\">Ce que comprend votre routine personnalis\u00e9e<\/h2>\n<p data-start=\"606\" data-end=\"646\">\ud83d\udd0e <strong data-start=\"609\" data-end=\"646\">Analyse approfondie de votre peau<\/strong><\/p>\n<ul data-start=\"647\" data-end=\"778\">\n<li data-start=\"647\" data-end=\"683\">\n<p data-start=\"649\" data-end=\"683\">Type de peau r\u00e9el (et non suppos\u00e9)<\/p>\n<\/li>\n<li data-start=\"684\" data-end=\"741\">\n<p data-start=\"686\" data-end=\"741\">Sensibilit\u00e9s, d\u00e9s\u00e9quilibres, probl\u00e9matiques sp\u00e9cifiques<\/p>\n<\/li>\n<li data-start=\"742\" data-end=\"778\">\n<p data-start=\"744\" data-end=\"778\">Analyse de vos habitudes actuelles<\/p>\n<\/li>\n<\/ul>\n<p data-start=\"780\" data-end=\"816\">\ud83e\uddf4 <strong data-start=\"783\" data-end=\"816\">Routine compl\u00e8te matin &amp; soir<\/strong><\/p>\n<ul data-start=\"817\" data-end=\"919\">\n<li data-start=\"817\" data-end=\"835\">\n<p data-start=\"819\" data-end=\"835\">Nettoyant adapt\u00e9<\/p>\n<\/li>\n<li data-start=\"836\" data-end=\"849\">\n<p data-start=\"838\" data-end=\"849\">S\u00e9rum cibl\u00e9<\/p>\n<\/li>\n<li data-start=\"850\" data-end=\"867\">\n<p data-start=\"852\" data-end=\"867\">Cr\u00e8me traitante<\/p>\n<\/li>\n<li data-start=\"868\" data-end=\"887\">\n<p data-start=\"870\" data-end=\"887\">SPF si n\u00e9cessaire<\/p>\n<\/li>\n<li data-start=\"888\" data-end=\"919\">\n<p data-start=\"890\" data-end=\"919\">Conseils d\u2019utilisation pr\u00e9cis<\/p>\n<\/li>\n<\/ul>\n<p data-start=\"921\" data-end=\"950\">\ud83d\udccb <strong data-start=\"924\" data-end=\"950\">Conseils personnalis\u00e9s<\/strong><\/p>\n<ul data-start=\"951\" data-end=\"1067\">\n<li data-start=\"951\" data-end=\"973\">\n<p data-start=\"953\" data-end=\"973\">Actifs \u00e0 privil\u00e9gier<\/p>\n<\/li>\n<li data-start=\"974\" data-end=\"991\">\n<p data-start=\"976\" data-end=\"991\">Actifs \u00e0 \u00e9viter<\/p>\n<\/li>\n<li data-start=\"992\" data-end=\"1017\">\n<p data-start=\"994\" data-end=\"1017\">Fr\u00e9quence d\u2019utilisation<\/p>\n<\/li>\n<li data-start=\"1018\" data-end=\"1067\">\n<p data-start=\"1020\" data-end=\"1067\">Gestes techniques (massage, drainage, Gua Sha\u2026)<\/p>\n<\/li>\n<\/ul>\n<p data-start=\"1069\" data-end=\"1153\">\ud83d\udc8e <strong data-start=\"1072\" data-end=\"1109\">Recommandations produits pr\u00e9cises<\/strong><br \/>\nAdapt\u00e9es \u00e0 votre budget et \u00e0 vos objectifs.<\/p>\n<hr data-start=\"1155\" data-end=\"1158\" \/>\n<h2 data-start=\"1160\" data-end=\"1191\">Comment cela fonctionne ?<\/h2>\n<ol data-start=\"1193\" data-end=\"1414\">\n<li data-start=\"1193\" data-end=\"1225\">\n<p data-start=\"1196\" data-end=\"1225\">Vous commandez votre routine.<\/p>\n<\/li>\n<li data-start=\"1226\" data-end=\"1292\">\n<p data-start=\"1229\" data-end=\"1292\">Vous recevez un lien vers un questionnaire diagnostic d\u00e9taill\u00e9.<\/p>\n<\/li>\n<li data-start=\"1293\" data-end=\"1335\">\n<p data-start=\"1296\" data-end=\"1335\">J\u2019analyse personnellement vos r\u00e9ponses.<\/p>\n<\/li>\n<li data-start=\"1336\" data-end=\"1414\">\n<p data-start=\"1339\" data-end=\"1414\">Vous recevez votre routine personnalis\u00e9e en format PDF sous quelques jours.<\/p>\n<\/li>\n<\/ol>\n<hr data-start=\"1416\" data-end=\"1419\" \/>\n<h2 data-start=\"1421\" data-end=\"1437\">Pour qui ?<\/h2>\n<p data-start=\"1439\" data-end=\"1611\">\u2714 Peaux sensibles<br data-start=\"1456\" data-end=\"1459\" \/>\u2714 Acn\u00e9 adulte<br data-start=\"1472\" data-end=\"1475\" \/>\u2714 Taches pigmentaires<br data-start=\"1496\" data-end=\"1499\" \/>\u2714 Peau terne \/ fatigu\u00e9e<br data-start=\"1522\" data-end=\"1525\" \/>\u2714 D\u00e9s\u00e9quilibres hormonaux<br data-start=\"1550\" data-end=\"1553\" \/>\u2714 Ou simplement envie d\u2019une peau plus saine et lumineuse<\/p>\n<hr data-start=\"1613\" data-end=\"1616\" \/>\n<h2 data-start=\"1618\" data-end=\"1661\">Pourquoi choisir la M\u00e9thode Skinlys ?<\/h2>\n<p data-start=\"1663\" data-end=\"1831\">Parce que je travaille avec pr\u00e9cision, douceur et expertise.<br data-start=\"1723\" data-end=\"1726\" \/>Parce qu\u2019une peau \u00e9quilibr\u00e9e ne s\u2019improvise pas.<br data-start=\"1774\" data-end=\"1777\" \/>Parce que chaque peau raconte une histoire diff\u00e9rente.<\/p>\n<p data-start=\"1833\" data-end=\"1924\">Vous ne recevez pas une routine copi\u00e9e-coll\u00e9e.<br data-start=\"1879\" data-end=\"1882\" \/>Vous recevez une <strong data-start=\"1899\" data-end=\"1923\">strat\u00e9gie sur-mesure<\/strong>.<\/p>\n<hr data-start=\"1926\" data-end=\"1929\" \/>\n<p data-start=\"1931\" data-end=\"2005\">\ud83d\udc8c D\u00e9lai de r\u00e9ception : 48 \u00e0 72h ouvr\u00e9es apr\u00e8s r\u00e9ception du questionnaire.<\/p>\n","protected":false},"excerpt":{"rendered":"<p data-start=\"279\" data-end=\"355\">Votre peau ne m\u00e9rite pas une routine g\u00e9n\u00e9rique.<br data-start=\"326\" data-end=\"329\" \/>Elle m\u00e9rite une strat\u00e9gie.<\/p>\n<p data-start=\"357\" data-end=\"549\">Chez Skinlys, je ne propose pas des conseils standards trouv\u00e9s en ligne.<br data-start=\"429\" data-end=\"432\" \/>Je vous propose une <strong data-start=\"452\" data-end=\"498\">analyse compl\u00e8te, experte et personnalis\u00e9e<\/strong> de votre peau, construite selon vos besoins r\u00e9els.<\/p>\n","protected":false},"featured_media":119,"comment_status":"open","ping_status":"closed","template":"","meta":{"site-sidebar-layout":"default","site-content-layout":"","ast-site-content-layout":"default","site-content-style":"default","site-sidebar-style":"default","ast-global-header-display":"","ast-banner-title-visibility":"","ast-main-header-display":"","ast-hfb-above-header-display":"","ast-hfb-below-header-display":"","ast-hfb-mobile-header-display":"","site-post-title":"","ast-breadcrumbs-content":"","ast-featured-img":"","footer-sml-layout":"","ast-disable-related-posts":"","theme-transparent-header-meta":"default","adv-header-id-meta":"","stick-header-meta":"","header-above-stick-meta":"","header-main-stick-meta":"","header-below-stick-meta":"","astra-migrate-meta-layouts":"set","ast-page-background-enabled":"default","ast-page-background-meta":{"desktop":{"background-color":"var(--ast-global-color-5)","background-image":"","background-repeat":"repeat","background-position":"center center","background-size":"auto","background-attachment":"scroll","background-type":"","background-media":"","overlay-type":"","overlay-color":"","overlay-opacity":"","overlay-gradient":""},"tablet":{"background-color":"","background-image":"","background-repeat":"repeat","background-position":"center center","background-size":"auto","background-attachment":"scroll","background-type":"","background-media":"","overlay-type":"","overlay-color":"","overlay-opacity":"","overlay-gradient":""},"mobile":{"background-color":"","background-image":"","background-repeat":"repeat","background-position":"center center","background-size":"auto","background-attachment":"scroll","background-type":"","background-media":"","overlay-type":"","overlay-color":"","overlay-opacity":"","overlay-gradient":""}},"ast-content-background-meta":{"desktop":{"background-color":"var(--ast-global-color-4)","background-image":"","background-repeat":"repeat","background-position":"center center","background-size":"auto","background-attachment":"scroll","background-type":"","background-media":"","overlay-type":"","overlay-color":"","overlay-opacity":"","overlay-gradient":""},"tablet":{"background-color":"var(--ast-global-color-4)","background-image":"","background-repeat":"repeat","background-position":"center center","background-size":"auto","background-attachment":"scroll","background-type":"","background-media":"","overlay-type":"","overlay-color":"","overlay-opacity":"","overlay-gradient":""},"mobile":{"background-color":"var(--ast-global-color-4)","background-image":"","background-repeat":"repeat","background-position":"center center","background-size":"auto","background-attachment":"scroll","background-type":"","background-media":"","overlay-type":"","overlay-color":"","overlay-opacity":"","overlay-gradient":""}}},"product_brand":[],"product_cat":[31],"product_tag":[34,35,33,32],"class_list":{"0":"post-118","1":"product","2":"type-product","3":"status-publish","4":"has-post-thumbnail","6":"product_cat-expertise","7":"product_tag-personnalisees","8":"product_tag-produits","9":"product_tag-routine","10":"product_tag-skincare","11":"desktop-align-left","12":"tablet-align-left","13":"mobile-align-left","15":"first","16":"instock","17":"virtual","18":"purchasable","19":"product-type-simple"},"jetpack_sharing_enabled":true,"_links":{"self":[{"href":"http:\/\/www.skinlys-studio.com\/index.php\/wp-json\/wp\/v2\/product\/118","targetHints":{"allow":["GET"]}}],"collection":[{"href":"http:\/\/www.skinlys-studio.com\/index.php\/wp-json\/wp\/v2\/product"}],"about":[{"href":"http:\/\/www.skinlys-studio.com\/index.php\/wp-json\/wp\/v2\/types\/product"}],"replies":[{"embeddable":true,"href":"http:\/\/www.skinlys-studio.com\/index.php\/wp-json\/wp\/v2\/comments?post=118"}],"wp:featuredmedia":[{"embeddable":true,"href":"http:\/\/www.skinlys-studio.com\/index.php\/wp-json\/wp\/v2\/media\/119"}],"wp:attachment":[{"href":"http:\/\/www.skinlys-studio.com\/index.php\/wp-json\/wp\/v2\/media?parent=118"}],"wp:term":[{"taxonomy":"product_brand","embeddable":true,"href":"http:\/\/www.skinlys-studio.com\/index.php\/wp-json\/wp\/v2\/product_brand?post=118"},{"taxonomy":"product_cat","embeddable":true,"href":"http:\/\/www.skinlys-studio.com\/index.php\/wp-json\/wp\/v2\/product_cat?post=118"},{"taxonomy":"product_tag","embeddable":true,"href":"http:\/\/www.skinlys-studio.com\/index.php\/wp-json\/wp\/v2\/product_tag?post=118"}],"curies":[{"name":"wp","href":"https:\/\/api.w.org\/{rel}","templated":true}]}}